{"id":18,"date":"2020-04-03T12:32:57","date_gmt":"2020-04-03T10:32:57","guid":{"rendered":"http:\/\/www.zimmereimatthiesen.de\/?page_id=18"},"modified":"2024-07-19T13:45:44","modified_gmt":"2024-07-19T11:45:44","slug":"galerie","status":"publish","type":"page","link":"https:\/\/www.zimmereimatthiesen.de\/?page_id=18","title":{"rendered":"Galerie"},"content":{"rendered":"\n<p>Gewinnen Sie einen Einblick in unsere bisher erstellten Arbeiten. Kundenzufriedenheit steht bei uns an aller erster Stelle. Qualit\u00e4t schreiben wir besonders gro\u00df.<\/p>\n\n\n\n<figure class=\"wp-block-gallery has-nested-images columns-default is-cropped wp-block-gallery-1 is-layout-flex wp-block-gallery-is-layout-flex\">\n<figure class=\"wp-block-image size-large\"><img loading=\"lazy\" decoding=\"async\" width=\"1024\" height=\"768\" data-id=\"171\" src=\"https:\/\/www.zimmereimatthiesen.de\/wp-content\/uploads\/2021\/06\/df82f373-f0d8-4b78-b10e-5b5d836caa24-1024x768.jpg\" alt=\"Professioneller Hallenbau mit der Zimmerei Matthiesen aus Bargum in Nordfriesland\" class=\"wp-image-171\" srcset=\"https:\/\/www.zimmereimatthiesen.de\/wp-content\/uploads\/2021\/06\/df82f373-f0d8-4b78-b10e-5b5d836caa24-1024x768.jpg 1024w, https:\/\/www.zimmereimatthiesen.de\/wp-content\/uploads\/2021\/06\/df82f373-f0d8-4b78-b10e-5b5d836caa24-300x225.jpg 300w, https:\/\/www.zimmereimatthiesen.de\/wp-content\/uploads\/2021\/06\/df82f373-f0d8-4b78-b10e-5b5d836caa24-768x576.jpg 768w, https:\/\/www.zimmereimatthiesen.de\/wp-content\/uploads\/2021\/06\/df82f373-f0d8-4b78-b10e-5b5d836caa24-1536x1152.jpg 1536w, https:\/\/www.zimmereimatthiesen.de\/wp-content\/uploads\/2021\/06\/df82f373-f0d8-4b78-b10e-5b5d836caa24.jpg 1600w\" sizes=\"auto, (max-width: 1024px) 100vw, 1024px\" \/><\/figure>\n\n\n\n<figure class=\"wp-block-image size-large\"><img loading=\"lazy\" decoding=\"async\" width=\"1024\" height=\"768\" data-id=\"172\" src=\"https:\/\/www.zimmereimatthiesen.de\/wp-content\/uploads\/2021\/06\/e9f33428-cd04-486f-a0f6-1e99233d4ec2-1024x768.jpg\" alt=\"\" class=\"wp-image-172\" srcset=\"https:\/\/www.zimmereimatthiesen.de\/wp-content\/uploads\/2021\/06\/e9f33428-cd04-486f-a0f6-1e99233d4ec2-1024x768.jpg 1024w, https:\/\/www.zimmereimatthiesen.de\/wp-content\/uploads\/2021\/06\/e9f33428-cd04-486f-a0f6-1e99233d4ec2-300x225.jpg 300w, https:\/\/www.zimmereimatthiesen.de\/wp-content\/uploads\/2021\/06\/e9f33428-cd04-486f-a0f6-1e99233d4ec2-768x576.jpg 768w, https:\/\/www.zimmereimatthiesen.de\/wp-content\/uploads\/2021\/06\/e9f33428-cd04-486f-a0f6-1e99233d4ec2-1536x1153.jpg 1536w, https:\/\/www.zimmereimatthiesen.de\/wp-content\/uploads\/2021\/06\/e9f33428-cd04-486f-a0f6-1e99233d4ec2.jpg 1599w\" sizes=\"auto, (max-width: 1024px) 100vw, 1024px\" \/><\/figure>\n\n\n\n<figure class=\"wp-block-image size-large\"><img loading=\"lazy\" decoding=\"async\" width=\"1024\" height=\"768\" data-id=\"169\" src=\"https:\/\/www.zimmereimatthiesen.de\/wp-content\/uploads\/2021\/06\/cde5fcc5-6000-40a5-bc54-a52fcc159b90-1024x768.jpg\" alt=\"Luxusgartenh\u00fctte von der Zimmerei Matthiesen aus Bargum in Nordfriesland nahe der Nordsee. Urlaub am Meer\" class=\"wp-image-169\" srcset=\"https:\/\/www.zimmereimatthiesen.de\/wp-content\/uploads\/2021\/06\/cde5fcc5-6000-40a5-bc54-a52fcc159b90-1024x768.jpg 1024w, https:\/\/www.zimmereimatthiesen.de\/wp-content\/uploads\/2021\/06\/cde5fcc5-6000-40a5-bc54-a52fcc159b90-300x225.jpg 300w, https:\/\/www.zimmereimatthiesen.de\/wp-content\/uploads\/2021\/06\/cde5fcc5-6000-40a5-bc54-a52fcc159b90-768x576.jpg 768w, https:\/\/www.zimmereimatthiesen.de\/wp-content\/uploads\/2021\/06\/cde5fcc5-6000-40a5-bc54-a52fcc159b90-1536x1153.jpg 1536w, https:\/\/www.zimmereimatthiesen.de\/wp-content\/uploads\/2021\/06\/cde5fcc5-6000-40a5-bc54-a52fcc159b90.jpg 1599w\" sizes=\"auto, (max-width: 1024px) 100vw, 1024px\" \/><\/figure>\n\n\n\n<figure class=\"wp-block-image size-large\"><img loading=\"lazy\" decoding=\"async\" width=\"1024\" height=\"768\" data-id=\"170\" src=\"https:\/\/www.zimmereimatthiesen.de\/wp-content\/uploads\/2021\/06\/d6b73081-da27-4bc7-b9bd-f3edfa4fda3e-1024x768.jpg\" alt=\"Neuer Dachstuhl von der Zimmerei Matthiesen aus Bargum in Nordfriesland\" class=\"wp-image-170\" srcset=\"https:\/\/www.zimmereimatthiesen.de\/wp-content\/uploads\/2021\/06\/d6b73081-da27-4bc7-b9bd-f3edfa4fda3e-1024x768.jpg 1024w, https:\/\/www.zimmereimatthiesen.de\/wp-content\/uploads\/2021\/06\/d6b73081-da27-4bc7-b9bd-f3edfa4fda3e-300x225.jpg 300w, https:\/\/www.zimmereimatthiesen.de\/wp-content\/uploads\/2021\/06\/d6b73081-da27-4bc7-b9bd-f3edfa4fda3e-768x576.jpg 768w, https:\/\/www.zimmereimatthiesen.de\/wp-content\/uploads\/2021\/06\/d6b73081-da27-4bc7-b9bd-f3edfa4fda3e-1536x1153.jpg 1536w, https:\/\/www.zimmereimatthiesen.de\/wp-content\/uploads\/2021\/06\/d6b73081-da27-4bc7-b9bd-f3edfa4fda3e.jpg 1599w\" sizes=\"auto, (max-width: 1024px) 100vw, 1024px\" \/><\/figure>\n\n\n\n<figure class=\"wp-block-image size-large\"><img loading=\"lazy\" decoding=\"async\" width=\"1024\" height=\"768\" data-id=\"168\" src=\"https:\/\/www.zimmereimatthiesen.de\/wp-content\/uploads\/2021\/06\/5843437d-f0d4-4927-829b-877ffacc0957-1024x768.jpg\" alt=\"\" class=\"wp-image-168\" srcset=\"https:\/\/www.zimmereimatthiesen.de\/wp-content\/uploads\/2021\/06\/5843437d-f0d4-4927-829b-877ffacc0957-1024x768.jpg 1024w, https:\/\/www.zimmereimatthiesen.de\/wp-content\/uploads\/2021\/06\/5843437d-f0d4-4927-829b-877ffacc0957-300x225.jpg 300w, https:\/\/www.zimmereimatthiesen.de\/wp-content\/uploads\/2021\/06\/5843437d-f0d4-4927-829b-877ffacc0957-768x576.jpg 768w, https:\/\/www.zimmereimatthiesen.de\/wp-content\/uploads\/2021\/06\/5843437d-f0d4-4927-829b-877ffacc0957-1536x1153.jpg 1536w, https:\/\/www.zimmereimatthiesen.de\/wp-content\/uploads\/2021\/06\/5843437d-f0d4-4927-829b-877ffacc0957.jpg 1599w\" sizes=\"auto, (max-width: 1024px) 100vw, 1024px\" \/><\/figure>\n\n\n\n<figure class=\"wp-block-image size-large\"><img loading=\"lazy\" decoding=\"async\" width=\"1024\" height=\"768\" data-id=\"166\" src=\"https:\/\/www.zimmereimatthiesen.de\/wp-content\/uploads\/2021\/06\/29eeb683-9a8d-4eb2-92c2-ad31d9d4012c-1024x768.jpg\" alt=\"\" class=\"wp-image-166\" srcset=\"https:\/\/www.zimmereimatthiesen.de\/wp-content\/uploads\/2021\/06\/29eeb683-9a8d-4eb2-92c2-ad31d9d4012c-1024x768.jpg 1024w, https:\/\/www.zimmereimatthiesen.de\/wp-content\/uploads\/2021\/06\/29eeb683-9a8d-4eb2-92c2-ad31d9d4012c-300x225.jpg 300w, https:\/\/www.zimmereimatthiesen.de\/wp-content\/uploads\/2021\/06\/29eeb683-9a8d-4eb2-92c2-ad31d9d4012c-768x576.jpg 768w, https:\/\/www.zimmereimatthiesen.de\/wp-content\/uploads\/2021\/06\/29eeb683-9a8d-4eb2-92c2-ad31d9d4012c-1536x1153.jpg 1536w, https:\/\/www.zimmereimatthiesen.de\/wp-content\/uploads\/2021\/06\/29eeb683-9a8d-4eb2-92c2-ad31d9d4012c.jpg 1599w\" sizes=\"auto, (max-width: 1024px) 100vw, 1024px\" \/><\/figure>\n\n\n\n<figure class=\"wp-block-image size-large\"><img loading=\"lazy\" decoding=\"async\" width=\"1024\" height=\"768\" data-id=\"167\" src=\"https:\/\/www.zimmereimatthiesen.de\/wp-content\/uploads\/2021\/06\/9325fe60-8654-4485-beeb-37701fe38bd6-1024x768.jpg\" alt=\"Neuer Dachstuhl von der Zimmerei Matthiesen aus Bargum in Nordfriesland\" class=\"wp-image-167\" srcset=\"https:\/\/www.zimmereimatthiesen.de\/wp-content\/uploads\/2021\/06\/9325fe60-8654-4485-beeb-37701fe38bd6-1024x768.jpg 1024w, https:\/\/www.zimmereimatthiesen.de\/wp-content\/uploads\/2021\/06\/9325fe60-8654-4485-beeb-37701fe38bd6-300x225.jpg 300w, https:\/\/www.zimmereimatthiesen.de\/wp-content\/uploads\/2021\/06\/9325fe60-8654-4485-beeb-37701fe38bd6-768x576.jpg 768w, https:\/\/www.zimmereimatthiesen.de\/wp-content\/uploads\/2021\/06\/9325fe60-8654-4485-beeb-37701fe38bd6-1536x1153.jpg 1536w, https:\/\/www.zimmereimatthiesen.de\/wp-content\/uploads\/2021\/06\/9325fe60-8654-4485-beeb-37701fe38bd6.jpg 1599w\" sizes=\"auto, (max-width: 1024px) 100vw, 1024px\" \/><\/figure>\n\n\n\n<figure class=\"wp-block-image size-large\"><img loading=\"lazy\" decoding=\"async\" width=\"1024\" height=\"768\" data-id=\"165\" src=\"https:\/\/www.zimmereimatthiesen.de\/wp-content\/uploads\/2021\/06\/8ef7f1c0-54c9-4aba-a708-b9fd5ad87aa8-1024x768.jpg\" alt=\"\" class=\"wp-image-165\" srcset=\"https:\/\/www.zimmereimatthiesen.de\/wp-content\/uploads\/2021\/06\/8ef7f1c0-54c9-4aba-a708-b9fd5ad87aa8-1024x768.jpg 1024w, https:\/\/www.zimmereimatthiesen.de\/wp-content\/uploads\/2021\/06\/8ef7f1c0-54c9-4aba-a708-b9fd5ad87aa8-300x225.jpg 300w, https:\/\/www.zimmereimatthiesen.de\/wp-content\/uploads\/2021\/06\/8ef7f1c0-54c9-4aba-a708-b9fd5ad87aa8-768x576.jpg 768w, https:\/\/www.zimmereimatthiesen.de\/wp-content\/uploads\/2021\/06\/8ef7f1c0-54c9-4aba-a708-b9fd5ad87aa8-1536x1153.jpg 1536w, https:\/\/www.zimmereimatthiesen.de\/wp-content\/uploads\/2021\/06\/8ef7f1c0-54c9-4aba-a708-b9fd5ad87aa8.jpg 1599w\" sizes=\"auto, (max-width: 1024px) 100vw, 1024px\" \/><\/figure>\n\n\n\n<figure class=\"wp-block-image size-large\"><img loading=\"lazy\" decoding=\"async\" width=\"1000\" height=\"666\" data-id=\"153\" src=\"https:\/\/www.zimmereimatthiesen.de\/wp-content\/uploads\/2020\/07\/3O1A1644.jpg\" alt=\"Ingo Matthiesen, Inhaber der Zimmerei Matthiesen in Bargum\" class=\"wp-image-153\" srcset=\"https:\/\/www.zimmereimatthiesen.de\/wp-content\/uploads\/2020\/07\/3O1A1644.jpg 1000w, https:\/\/www.zimmereimatthiesen.de\/wp-content\/uploads\/2020\/07\/3O1A1644-300x200.jpg 300w, https:\/\/www.zimmereimatthiesen.de\/wp-content\/uploads\/2020\/07\/3O1A1644-768x511.jpg 768w\" sizes=\"auto, (max-width: 1000px) 100vw, 1000px\" \/><\/figure>\n\n\n\n<figure class=\"wp-block-image size-large\"><img loading=\"lazy\" decoding=\"async\" width=\"1000\" height=\"666\" data-id=\"152\" src=\"https:\/\/www.zimmereimatthiesen.de\/wp-content\/uploads\/2020\/07\/3O1A1685.jpg\" alt=\"Zimmerei Matthiesen aus Bargum in Nordfriesland\" class=\"wp-image-152\" srcset=\"https:\/\/www.zimmereimatthiesen.de\/wp-content\/uploads\/2020\/07\/3O1A1685.jpg 1000w, https:\/\/www.zimmereimatthiesen.de\/wp-content\/uploads\/2020\/07\/3O1A1685-300x200.jpg 300w, https:\/\/www.zimmereimatthiesen.de\/wp-content\/uploads\/2020\/07\/3O1A1685-768x511.jpg 768w\" sizes=\"auto, (max-width: 1000px) 100vw, 1000px\" \/><\/figure>\n\n\n\n<figure class=\"wp-block-image size-large\"><img loading=\"lazy\" decoding=\"async\" width=\"1024\" height=\"682\" data-id=\"151\" src=\"https:\/\/www.zimmereimatthiesen.de\/wp-content\/uploads\/2020\/07\/3O1A1775-1024x682.jpg\" alt=\"Gem\u00fctliches Gartenhaus der Zimmerei Matthiesen aus Bargum in Nordfriesland, direkt an der B5.\" class=\"wp-image-151\" srcset=\"https:\/\/www.zimmereimatthiesen.de\/wp-content\/uploads\/2020\/07\/3O1A1775-1024x682.jpg 1024w, https:\/\/www.zimmereimatthiesen.de\/wp-content\/uploads\/2020\/07\/3O1A1775-300x200.jpg 300w, https:\/\/www.zimmereimatthiesen.de\/wp-content\/uploads\/2020\/07\/3O1A1775-768x512.jpg 768w, https:\/\/www.zimmereimatthiesen.de\/wp-content\/uploads\/2020\/07\/3O1A1775.jpg 1400w\" sizes=\"auto, (max-width: 1024px) 100vw, 1024px\" \/><\/figure>\n\n\n\n<figure class=\"wp-block-image size-large\"><img loading=\"lazy\" decoding=\"async\" width=\"1000\" height=\"666\" data-id=\"157\" src=\"https:\/\/www.zimmereimatthiesen.de\/wp-content\/uploads\/2020\/07\/3O1A1799a.jpg\" alt=\"Entspannen im eigenen Gartenhaus der Zimmerei Matthiesen aus Bargum in Nordfriesland, direkt an der B5, nahe der Nordsee.\" class=\"wp-image-157\" srcset=\"https:\/\/www.zimmereimatthiesen.de\/wp-content\/uploads\/2020\/07\/3O1A1799a.jpg 1000w, https:\/\/www.zimmereimatthiesen.de\/wp-content\/uploads\/2020\/07\/3O1A1799a-300x200.jpg 300w, https:\/\/www.zimmereimatthiesen.de\/wp-content\/uploads\/2020\/07\/3O1A1799a-768x511.jpg 768w\" sizes=\"auto, (max-width: 1000px) 100vw, 1000px\" \/><\/figure>\n\n\n\n<figure class=\"wp-block-image size-large\"><img loading=\"lazy\" decoding=\"async\" width=\"1000\" height=\"666\" data-id=\"154\" src=\"https:\/\/www.zimmereimatthiesen.de\/wp-content\/uploads\/2020\/07\/3O1A1804.jpg\" alt=\"Zimmerei Matthiesen aus Bargum in Nordfriesland, an der B5, nahe der Nordsee\" class=\"wp-image-154\" srcset=\"https:\/\/www.zimmereimatthiesen.de\/wp-content\/uploads\/2020\/07\/3O1A1804.jpg 1000w, https:\/\/www.zimmereimatthiesen.de\/wp-content\/uploads\/2020\/07\/3O1A1804-300x200.jpg 300w, https:\/\/www.zimmereimatthiesen.de\/wp-content\/uploads\/2020\/07\/3O1A1804-768x511.jpg 768w\" sizes=\"auto, (max-width: 1000px) 100vw, 1000px\" \/><\/figure>\n\n\n\n<figure class=\"wp-block-image size-large\"><img loading=\"lazy\" decoding=\"async\" width=\"1024\" height=\"768\" data-id=\"103\" src=\"https:\/\/www.zimmereimatthiesen.de\/wp-content\/uploads\/2020\/05\/IMG-20200519-WA0044-1024x768.jpg\" alt=\"Carpot mit verschlie\u00dfbarem Anbau f\u00fcr Fahrr\u00e4der und Gartenwerkzeugen von der Zimmerei Matthiesen aus Bargum in Nordfriesland\" class=\"wp-image-103\" srcset=\"https:\/\/www.zimmereimatthiesen.de\/wp-content\/uploads\/2020\/05\/IMG-20200519-WA0044-1024x768.jpg 1024w, https:\/\/www.zimmereimatthiesen.de\/wp-content\/uploads\/2020\/05\/IMG-20200519-WA0044-300x225.jpg 300w, https:\/\/www.zimmereimatthiesen.de\/wp-content\/uploads\/2020\/05\/IMG-20200519-WA0044-768x576.jpg 768w, https:\/\/www.zimmereimatthiesen.de\/wp-content\/uploads\/2020\/05\/IMG-20200519-WA0044-1536x1153.jpg 1536w, https:\/\/www.zimmereimatthiesen.de\/wp-content\/uploads\/2020\/05\/IMG-20200519-WA0044.jpg 1599w\" sizes=\"auto, (max-width: 1024px) 100vw, 1024px\" \/><\/figure>\n\n\n\n<figure class=\"wp-block-image size-large\"><img loading=\"lazy\" decoding=\"async\" width=\"1024\" height=\"768\" data-id=\"102\" src=\"https:\/\/www.zimmereimatthiesen.de\/wp-content\/uploads\/2020\/05\/IMG-20200519-WA0043-1024x768.jpg\" alt=\"\" class=\"wp-image-102\" srcset=\"https:\/\/www.zimmereimatthiesen.de\/wp-content\/uploads\/2020\/05\/IMG-20200519-WA0043-1024x768.jpg 1024w, https:\/\/www.zimmereimatthiesen.de\/wp-content\/uploads\/2020\/05\/IMG-20200519-WA0043-300x225.jpg 300w, https:\/\/www.zimmereimatthiesen.de\/wp-content\/uploads\/2020\/05\/IMG-20200519-WA0043-768x576.jpg 768w, https:\/\/www.zimmereimatthiesen.de\/wp-content\/uploads\/2020\/05\/IMG-20200519-WA0043-1536x1153.jpg 1536w, https:\/\/www.zimmereimatthiesen.de\/wp-content\/uploads\/2020\/05\/IMG-20200519-WA0043.jpg 1599w\" sizes=\"auto, (max-width: 1024px) 100vw, 1024px\" \/><\/figure>\n\n\n\n<figure class=\"wp-block-image size-large\"><img loading=\"lazy\" decoding=\"async\" width=\"1024\" height=\"768\" data-id=\"100\" src=\"https:\/\/www.zimmereimatthiesen.de\/wp-content\/uploads\/2020\/05\/IMG-20200519-WA0041-1024x768.jpg\" alt=\"\" class=\"wp-image-100\" srcset=\"https:\/\/www.zimmereimatthiesen.de\/wp-content\/uploads\/2020\/05\/IMG-20200519-WA0041-1024x768.jpg 1024w, https:\/\/www.zimmereimatthiesen.de\/wp-content\/uploads\/2020\/05\/IMG-20200519-WA0041-300x225.jpg 300w, https:\/\/www.zimmereimatthiesen.de\/wp-content\/uploads\/2020\/05\/IMG-20200519-WA0041-768x576.jpg 768w, https:\/\/www.zimmereimatthiesen.de\/wp-content\/uploads\/2020\/05\/IMG-20200519-WA0041-1536x1153.jpg 1536w, https:\/\/www.zimmereimatthiesen.de\/wp-content\/uploads\/2020\/05\/IMG-20200519-WA0041.jpg 1599w\" sizes=\"auto, (max-width: 1024px) 100vw, 1024px\" \/><\/figure>\n\n\n\n<figure class=\"wp-block-image size-large\"><img loading=\"lazy\" decoding=\"async\" width=\"1024\" height=\"768\" data-id=\"94\" src=\"https:\/\/www.zimmereimatthiesen.de\/wp-content\/uploads\/2020\/05\/IMG-20200519-WA0035-1024x768.jpg\" alt=\"\" class=\"wp-image-94\" srcset=\"https:\/\/www.zimmereimatthiesen.de\/wp-content\/uploads\/2020\/05\/IMG-20200519-WA0035-1024x768.jpg 1024w, https:\/\/www.zimmereimatthiesen.de\/wp-content\/uploads\/2020\/05\/IMG-20200519-WA0035-300x225.jpg 300w, https:\/\/www.zimmereimatthiesen.de\/wp-content\/uploads\/2020\/05\/IMG-20200519-WA0035-768x576.jpg 768w, https:\/\/www.zimmereimatthiesen.de\/wp-content\/uploads\/2020\/05\/IMG-20200519-WA0035-1536x1153.jpg 1536w, https:\/\/www.zimmereimatthiesen.de\/wp-content\/uploads\/2020\/05\/IMG-20200519-WA0035.jpg 1599w\" sizes=\"auto, (max-width: 1024px) 100vw, 1024px\" \/><\/figure>\n\n\n\n<figure class=\"wp-block-image size-large\"><img loading=\"lazy\" decoding=\"async\" width=\"1024\" height=\"768\" data-id=\"91\" src=\"https:\/\/www.zimmereimatthiesen.de\/wp-content\/uploads\/2020\/05\/IMG-20200519-WA0032-1024x768.jpg\" alt=\"\" class=\"wp-image-91\" srcset=\"https:\/\/www.zimmereimatthiesen.de\/wp-content\/uploads\/2020\/05\/IMG-20200519-WA0032-1024x768.jpg 1024w, https:\/\/www.zimmereimatthiesen.de\/wp-content\/uploads\/2020\/05\/IMG-20200519-WA0032-300x225.jpg 300w, https:\/\/www.zimmereimatthiesen.de\/wp-content\/uploads\/2020\/05\/IMG-20200519-WA0032-768x576.jpg 768w, https:\/\/www.zimmereimatthiesen.de\/wp-content\/uploads\/2020\/05\/IMG-20200519-WA0032-1536x1153.jpg 1536w, https:\/\/www.zimmereimatthiesen.de\/wp-content\/uploads\/2020\/05\/IMG-20200519-WA0032.jpg 1599w\" sizes=\"auto, (max-width: 1024px) 100vw, 1024px\" \/><\/figure>\n\n\n\n<figure class=\"wp-block-image size-large\"><img loading=\"lazy\" decoding=\"async\" width=\"1024\" height=\"768\" data-id=\"67\" src=\"https:\/\/www.zimmereimatthiesen.de\/wp-content\/uploads\/2020\/05\/IMG-20200519-WA0008-1024x768.jpg\" alt=\"\" class=\"wp-image-67\" srcset=\"https:\/\/www.zimmereimatthiesen.de\/wp-content\/uploads\/2020\/05\/IMG-20200519-WA0008-1024x768.jpg 1024w, https:\/\/www.zimmereimatthiesen.de\/wp-content\/uploads\/2020\/05\/IMG-20200519-WA0008-300x225.jpg 300w, https:\/\/www.zimmereimatthiesen.de\/wp-content\/uploads\/2020\/05\/IMG-20200519-WA0008-768x576.jpg 768w, https:\/\/www.zimmereimatthiesen.de\/wp-content\/uploads\/2020\/05\/IMG-20200519-WA0008-1536x1152.jpg 1536w, https:\/\/www.zimmereimatthiesen.de\/wp-content\/uploads\/2020\/05\/IMG-20200519-WA0008.jpg 1600w\" sizes=\"auto, (max-width: 1024px) 100vw, 1024px\" \/><\/figure>\n\n\n\n<figure class=\"wp-block-image size-large\"><img loading=\"lazy\" decoding=\"async\" width=\"768\" height=\"1024\" data-id=\"71\" src=\"https:\/\/www.zimmereimatthiesen.de\/wp-content\/uploads\/2020\/05\/IMG-20200519-WA0012-768x1024.jpg\" alt=\"\" class=\"wp-image-71\" srcset=\"https:\/\/www.zimmereimatthiesen.de\/wp-content\/uploads\/2020\/05\/IMG-20200519-WA0012-768x1024.jpg 768w, https:\/\/www.zimmereimatthiesen.de\/wp-content\/uploads\/2020\/05\/IMG-20200519-WA0012-225x300.jpg 225w, https:\/\/www.zimmereimatthiesen.de\/wp-content\/uploads\/2020\/05\/IMG-20200519-WA0012-1152x1536.jpg 1152w, https:\/\/www.zimmereimatthiesen.de\/wp-content\/uploads\/2020\/05\/IMG-20200519-WA0012.jpg 1200w\" sizes=\"auto, (max-width: 768px) 100vw, 768px\" \/><\/figure>\n\n\n\n<figure class=\"wp-block-image size-large\"><img loading=\"lazy\" decoding=\"async\" width=\"576\" height=\"1024\" data-id=\"141\" src=\"https:\/\/www.zimmereimatthiesen.de\/wp-content\/uploads\/2020\/05\/IMG-20200519-WA0013-576x1024.jpg\" alt=\"\" class=\"wp-image-141\" srcset=\"https:\/\/www.zimmereimatthiesen.de\/wp-content\/uploads\/2020\/05\/IMG-20200519-WA0013-576x1024.jpg 576w, https:\/\/www.zimmereimatthiesen.de\/wp-content\/uploads\/2020\/05\/IMG-20200519-WA0013-169x300.jpg 169w, https:\/\/www.zimmereimatthiesen.de\/wp-content\/uploads\/2020\/05\/IMG-20200519-WA0013-768x1366.jpg 768w, https:\/\/www.zimmereimatthiesen.de\/wp-content\/uploads\/2020\/05\/IMG-20200519-WA0013-864x1536.jpg 864w, https:\/\/www.zimmereimatthiesen.de\/wp-content\/uploads\/2020\/05\/IMG-20200519-WA0013.jpg 899w\" sizes=\"auto, (max-width: 576px) 100vw, 576px\" \/><\/figure>\n<\/figure>\n","protected":false},"excerpt":{"rendered":"<p>Gewinnen Sie einen Einblick in unsere bisher erstellten Arbeiten. Kundenzufriedenheit steht bei uns an aller erster Stelle. Qualit\u00e4t schreiben wir besonders gro\u00df.<\/p>\n","protected":false},"author":1,"featured_media":0,"parent":0,"menu_order":0,"comment_status":"closed","ping_status":"closed","template":"","meta":{"_uag_custom_page_level_css":"","advgb_blocks_editor_width":"","advgb_blocks_columns_visual_guide":"","footnotes":""},"class_list":["post-18","page","type-page","status-publish","hentry"],"featured_image_urls_v2":{"full":"","thumbnail":"","medium":"","medium_large":"","large":"","1536x1536":"","2048x2048":""},"post_excerpt_stackable_v2":"<p>Gewinnen Sie einen Einblick in unsere bisher erstellten Arbeiten. Kundenzufriedenheit steht bei uns an aller erster Stelle. Qualit\u00e4t schreiben wir besonders gro\u00df.<\/p>\n","category_list_v2":"","author_info_v2":{"name":"admin","url":"https:\/\/www.zimmereimatthiesen.de\/?author=1"},"comments_num_v2":"0 comments","uagb_featured_image_src":{"full":false,"thumbnail":false,"medium":false,"medium_large":false,"large":false,"1536x1536":false,"2048x2048":false},"uagb_author_info":{"display_name":"admin","author_link":"https:\/\/www.zimmereimatthiesen.de\/?author=1"},"uagb_comment_info":0,"uagb_excerpt":"Gewinnen Sie einen Einblick in unsere bisher erstellten Arbeiten. Kundenzufriedenheit steht bei uns an aller erster Stelle. Qualit\u00e4t schreiben wir besonders gro\u00df.","coauthors":[],"author_meta":{"author_link":"https:\/\/www.zimmereimatthiesen.de\/?author=1","display_name":"admin"},"relative_dates":{"created":"Posted 6\u00a0Jahren ago","modified":"Updated 2\u00a0Jahren ago"},"absolute_dates":{"created":"Posted on 3. April 2020","modified":"Updated on 19. Juli 2024"},"absolute_dates_time":{"created":"Posted on 3. April 2020 12:32","modified":"Updated on 19. Juli 2024 13:45"},"featured_img_caption":"","featured_img":false,"series_order":"","_links":{"self":[{"href":"https:\/\/www.zimmereimatthiesen.de\/index.php?rest_route=\/wp\/v2\/pages\/18","targetHints":{"allow":["GET"]}}],"collection":[{"href":"https:\/\/www.zimmereimatthiesen.de\/index.php?rest_route=\/wp\/v2\/pages"}],"about":[{"href":"https:\/\/www.zimmereimatthiesen.de\/index.php?rest_route=\/wp\/v2\/types\/page"}],"author":[{"embeddable":true,"href":"https:\/\/www.zimmereimatthiesen.de\/index.php?rest_route=\/wp\/v2\/users\/1"}],"replies":[{"embeddable":true,"href":"https:\/\/www.zimmereimatthiesen.de\/index.php?rest_route=%2Fwp%2Fv2%2Fcomments&post=18"}],"version-history":[{"count":22,"href":"https:\/\/www.zimmereimatthiesen.de\/index.php?rest_route=\/wp\/v2\/pages\/18\/revisions"}],"predecessor-version":[{"id":235,"href":"https:\/\/www.zimmereimatthiesen.de\/index.php?rest_route=\/wp\/v2\/pages\/18\/revisions\/235"}],"wp:attachment":[{"href":"https:\/\/www.zimmereimatthiesen.de\/index.php?rest_route=%2Fwp%2Fv2%2Fmedia&parent=18"}],"curies":[{"name":"wp","href":"https:\/\/api.w.org\/{rel}","templated":true}]}}