{"id":184,"date":"2024-07-19T13:10:57","date_gmt":"2024-07-19T11:10:57","guid":{"rendered":"https:\/\/www.zimmereimatthiesen.de\/?page_id=184"},"modified":"2024-07-19T13:38:27","modified_gmt":"2024-07-19T11:38:27","slug":"wald-kindergarten-joldelundgoldelund-und-hoegel","status":"publish","type":"page","link":"https:\/\/www.zimmereimatthiesen.de\/?page_id=184","title":{"rendered":"Wald Kindergarten Joldelund,Goldelund und H\u00f6gel"},"content":{"rendered":"\n<figure class=\"wp-block-gallery has-nested-images columns-default is-cropped wp-block-gallery-1 is-layout-flex wp-block-gallery-is-layout-flex\">\n<figure class=\"wp-block-image size-large\"><img loading=\"lazy\" decoding=\"async\" width=\"1024\" height=\"768\" data-id=\"185\" src=\"https:\/\/www.zimmereimatthiesen.de\/wp-content\/uploads\/2024\/07\/8feb507f-d497-4f1b-be64-d315a0a6ba18-1024x768.jpg\" alt=\"Die Waldh\u00fctte bietet den Kindern des Waldkindergarten Joldelund,Goldelund und H\u00f6gel Schutz bei schlechtem Wetter mit Sitzm\u00f6glichkeiten.\nZimmerei Matthiesen aus Barum in Nordfriesland\" class=\"wp-image-185\" srcset=\"https:\/\/www.zimmereimatthiesen.de\/wp-content\/uploads\/2024\/07\/8feb507f-d497-4f1b-be64-d315a0a6ba18-1024x768.jpg 1024w, https:\/\/www.zimmereimatthiesen.de\/wp-content\/uploads\/2024\/07\/8feb507f-d497-4f1b-be64-d315a0a6ba18-300x225.jpg 300w, https:\/\/www.zimmereimatthiesen.de\/wp-content\/uploads\/2024\/07\/8feb507f-d497-4f1b-be64-d315a0a6ba18-768x576.jpg 768w, https:\/\/www.zimmereimatthiesen.de\/wp-content\/uploads\/2024\/07\/8feb507f-d497-4f1b-be64-d315a0a6ba18-1536x1153.jpg 1536w, https:\/\/www.zimmereimatthiesen.de\/wp-content\/uploads\/2024\/07\/8feb507f-d497-4f1b-be64-d315a0a6ba18.jpg 1599w\" sizes=\"auto, (max-width: 1024px) 100vw, 1024px\" \/><\/figure>\n\n\n\n<figure class=\"wp-block-image size-large\"><img loading=\"lazy\" decoding=\"async\" width=\"1024\" height=\"768\" data-id=\"186\" src=\"https:\/\/www.zimmereimatthiesen.de\/wp-content\/uploads\/2024\/07\/b215714c-5c95-4439-be73-aa97f422a73f-1024x768.jpg\" alt=\"Die Waldh\u00fctte bietet den Kindern des Waldkindergarten Joldelund,Goldelund und H\u00f6gel Schutz bei schlechtem Wetter mit Sitzm\u00f6glichkeiten.\nZimmerei Matthiesen aus Barum in Nordfriesland\" class=\"wp-image-186\" srcset=\"https:\/\/www.zimmereimatthiesen.de\/wp-content\/uploads\/2024\/07\/b215714c-5c95-4439-be73-aa97f422a73f-1024x768.jpg 1024w, https:\/\/www.zimmereimatthiesen.de\/wp-content\/uploads\/2024\/07\/b215714c-5c95-4439-be73-aa97f422a73f-300x225.jpg 300w, https:\/\/www.zimmereimatthiesen.de\/wp-content\/uploads\/2024\/07\/b215714c-5c95-4439-be73-aa97f422a73f-768x576.jpg 768w, https:\/\/www.zimmereimatthiesen.de\/wp-content\/uploads\/2024\/07\/b215714c-5c95-4439-be73-aa97f422a73f-1536x1153.jpg 1536w, https:\/\/www.zimmereimatthiesen.de\/wp-content\/uploads\/2024\/07\/b215714c-5c95-4439-be73-aa97f422a73f.jpg 1599w\" sizes=\"auto, (max-width: 1024px) 100vw, 1024px\" \/><\/figure>\n\n\n\n<figure class=\"wp-block-image size-large\"><img loading=\"lazy\" decoding=\"async\" width=\"1024\" height=\"768\" data-id=\"188\" src=\"https:\/\/www.zimmereimatthiesen.de\/wp-content\/uploads\/2024\/07\/de182481-0a77-4ec1-b11f-a163da0882eb-1024x768.jpg\" alt=\"Die Waldh\u00fctte bietet den Kindern des Waldkindergarten Joldelund,Goldelund und H\u00f6gel Schutz bei schlechtem Wetter mit Sitzm\u00f6glichkeiten.\nZimmerei Matthiesen aus Barum in Nordfriesland\" class=\"wp-image-188\" srcset=\"https:\/\/www.zimmereimatthiesen.de\/wp-content\/uploads\/2024\/07\/de182481-0a77-4ec1-b11f-a163da0882eb-1024x768.jpg 1024w, https:\/\/www.zimmereimatthiesen.de\/wp-content\/uploads\/2024\/07\/de182481-0a77-4ec1-b11f-a163da0882eb-300x225.jpg 300w, https:\/\/www.zimmereimatthiesen.de\/wp-content\/uploads\/2024\/07\/de182481-0a77-4ec1-b11f-a163da0882eb-768x576.jpg 768w, https:\/\/www.zimmereimatthiesen.de\/wp-content\/uploads\/2024\/07\/de182481-0a77-4ec1-b11f-a163da0882eb-1536x1153.jpg 1536w, https:\/\/www.zimmereimatthiesen.de\/wp-content\/uploads\/2024\/07\/de182481-0a77-4ec1-b11f-a163da0882eb.jpg 1599w\" sizes=\"auto, (max-width: 1024px) 100vw, 1024px\" \/><\/figure>\n\n\n\n<figure class=\"wp-block-image size-large\"><img loading=\"lazy\" decoding=\"async\" width=\"1024\" height=\"768\" data-id=\"187\" src=\"https:\/\/www.zimmereimatthiesen.de\/wp-content\/uploads\/2024\/07\/eeb8ed0d-6a62-47a6-bd3f-3351d64b006b-1024x768.jpg\" alt=\"Die Waldh\u00fctte bietet den Kindern des Waldkindergarten Joldelund,Goldelund und H\u00f6gel Schutz bei schlechtem Wetter mit Sitzm\u00f6glichkeiten.\nZimmerei Matthiesen aus Barum in Nordfriesland\" class=\"wp-image-187\" srcset=\"https:\/\/www.zimmereimatthiesen.de\/wp-content\/uploads\/2024\/07\/eeb8ed0d-6a62-47a6-bd3f-3351d64b006b-1024x768.jpg 1024w, https:\/\/www.zimmereimatthiesen.de\/wp-content\/uploads\/2024\/07\/eeb8ed0d-6a62-47a6-bd3f-3351d64b006b-300x225.jpg 300w, https:\/\/www.zimmereimatthiesen.de\/wp-content\/uploads\/2024\/07\/eeb8ed0d-6a62-47a6-bd3f-3351d64b006b-768x576.jpg 768w, https:\/\/www.zimmereimatthiesen.de\/wp-content\/uploads\/2024\/07\/eeb8ed0d-6a62-47a6-bd3f-3351d64b006b-1536x1153.jpg 1536w, https:\/\/www.zimmereimatthiesen.de\/wp-content\/uploads\/2024\/07\/eeb8ed0d-6a62-47a6-bd3f-3351d64b006b.jpg 1599w\" sizes=\"auto, (max-width: 1024px) 100vw, 1024px\" \/><\/figure>\n<\/figure>\n\n\n\n<p>Die Waldh\u00fctte bietet den Kindern des Waldkindergarten Joldelund,Goldelund und H\u00f6gel Schutz bei schlechtem Wetter mit Sitzm\u00f6glichkeiten.<\/p>\n\n\n\n<p>Zimmerei Matthiesen aus Barum in Nordfriesland<\/p>\n\n\n\n<p><\/p>\n","protected":false},"excerpt":{"rendered":"<p>Die Waldh\u00fctte bietet den Kindern des Waldkindergarten Joldelund,Goldelund und H\u00f6gel Schutz bei schlechtem Wetter mit Sitzm\u00f6glichkeiten. Zimmerei Matthiesen aus Barum in Nordfriesland<\/p>\n","protected":false},"author":1,"featured_media":0,"parent":0,"menu_order":0,"comment_status":"closed","ping_status":"closed","template":"","meta":{"_uag_custom_page_level_css":"","advgb_blocks_editor_width":"","advgb_blocks_columns_visual_guide":"","footnotes":""},"class_list":["post-184","page","type-page","status-publish","hentry"],"featured_image_urls_v2":{"full":"","thumbnail":"","medium":"","medium_large":"","large":"","1536x1536":"","2048x2048":""},"post_excerpt_stackable_v2":"<p>Die Waldh\u00fctte bietet den Kindern des Waldkindergarten Joldelund,Goldelund und H\u00f6gel Schutz bei schlechtem Wetter mit Sitzm\u00f6glichkeiten. Zimmerei Matthiesen aus Barum in Nordfriesland<\/p>\n","category_list_v2":"","author_info_v2":{"name":"admin","url":"https:\/\/www.zimmereimatthiesen.de\/?author=1"},"comments_num_v2":"0 comments","uagb_featured_image_src":{"full":false,"thumbnail":false,"medium":false,"medium_large":false,"large":false,"1536x1536":false,"2048x2048":false},"uagb_author_info":{"display_name":"admin","author_link":"https:\/\/www.zimmereimatthiesen.de\/?author=1"},"uagb_comment_info":0,"uagb_excerpt":"Die Waldh\u00fctte bietet den Kindern des Waldkindergarten Joldelund,Goldelund und H\u00f6gel Schutz bei schlechtem Wetter mit Sitzm\u00f6glichkeiten. Zimmerei Matthiesen aus Barum in Nordfriesland","coauthors":[],"author_meta":{"author_link":"https:\/\/www.zimmereimatthiesen.de\/?author=1","display_name":"admin"},"relative_dates":{"created":"Posted 2\u00a0Jahren ago","modified":"Updated 2\u00a0Jahren ago"},"absolute_dates":{"created":"Posted on 19. Juli 2024","modified":"Updated on 19. Juli 2024"},"absolute_dates_time":{"created":"Posted on 19. Juli 2024 13:10","modified":"Updated on 19. Juli 2024 13:38"},"featured_img_caption":"","featured_img":false,"series_order":"","_links":{"self":[{"href":"https:\/\/www.zimmereimatthiesen.de\/index.php?rest_route=\/wp\/v2\/pages\/184","targetHints":{"allow":["GET"]}}],"collection":[{"href":"https:\/\/www.zimmereimatthiesen.de\/index.php?rest_route=\/wp\/v2\/pages"}],"about":[{"href":"https:\/\/www.zimmereimatthiesen.de\/index.php?rest_route=\/wp\/v2\/types\/page"}],"author":[{"embeddable":true,"href":"https:\/\/www.zimmereimatthiesen.de\/index.php?rest_route=\/wp\/v2\/users\/1"}],"replies":[{"embeddable":true,"href":"https:\/\/www.zimmereimatthiesen.de\/index.php?rest_route=%2Fwp%2Fv2%2Fcomments&post=184"}],"version-history":[{"count":4,"href":"https:\/\/www.zimmereimatthiesen.de\/index.php?rest_route=\/wp\/v2\/pages\/184\/revisions"}],"predecessor-version":[{"id":223,"href":"https:\/\/www.zimmereimatthiesen.de\/index.php?rest_route=\/wp\/v2\/pages\/184\/revisions\/223"}],"wp:attachment":[{"href":"https:\/\/www.zimmereimatthiesen.de\/index.php?rest_route=%2Fwp%2Fv2%2Fmedia&parent=184"}],"curies":[{"name":"wp","href":"https:\/\/api.w.org\/{rel}","templated":true}]}}