{"id":9,"date":"2020-04-03T12:07:53","date_gmt":"2020-04-03T10:07:53","guid":{"rendered":"http:\/\/www.zimmereimatthiesen.de\/?page_id=9"},"modified":"2024-07-19T13:32:48","modified_gmt":"2024-07-19T11:32:48","slug":"startseite","status":"publish","type":"page","link":"https:\/\/www.zimmereimatthiesen.de\/","title":{"rendered":"Startseite"},"content":{"rendered":"\n<h2 class=\"wp-block-heading has-text-align-center\"><strong>Willkommen bei der Zimmerei Matthiesen aus Bargum<\/strong><\/h2>\n\n\n\n<div class=\"wp-block-ugb-card ugb-card ugb-01144f1 ugb-card--v2 ugb-card--design-basic ugb-card--columns-1 ugb-main-block\" id=\"\"><div class=\"ugb-inner-block\"><div class=\"ugb-block-content\"><div class=\"ugb-card__item ugb-card__item1\"><div class=\"ugb-card__image\"><\/div><div class=\"ugb-card__content\"><h4 class=\"ugb-card__title\">Sicher unter Verschluss<\/h4><p class=\"ugb-card__description\">Ob Gartenm\u00f6bel, Fahrr\u00e4der oder den Grill- Wir sind der richtige Ansprechpartner f\u00fcr Abstellr\u00e4ume jeglicher Art.<br><br><strong>Innenausbau, Haus- und Hallenbau<\/strong><br>Wir helfen Ihnen Ihre Tr\u00e4ume und W\u00fcnsche in die Tat umzusetzen. Sprechen Sie uns an!<\/p><\/div><\/div><\/div><\/div><\/div>\n\n\n\n<div class=\"wp-block-ugb-card ugb-card ugb-4e0bcf8 ugb-card--v2 ugb-card--design-basic ugb-card--columns-2 ugb-main-block\"><div class=\"ugb-inner-block\"><div class=\"ugb-block-content\"><div class=\"ugb-card__item ugb-card__item1\"><div class=\"ugb-card__image\"><\/div><div class=\"ugb-card__content\"><h4 class=\"ugb-card__title\">Wir steigen Ihnen auf&#8217;s Dach<\/h4><p class=\"ugb-card__description\">Profitieren Sie von unserer langj\u00e4hrigen Erfahrung im Bereich der Dachsanierungen.<br>Unser geschultes Personal steht Ihnen rund ums Dach mit Rat und Tat zur Seite.<\/p><div class=\"ugb-button-container\"><a class=\"ugb-button ugb-button--size-normal\" href=\"?page_id=20\" rel=\"\" title=\"\"><span class=\"ugb-button--inner\">Sprechen Sie uns an<\/span><\/a><\/div><\/div><\/div><div class=\"ugb-card__item ugb-card__item2\"><div class=\"ugb-card__image\"><\/div><div class=\"ugb-card__content\"><h4 class=\"ugb-card__title\">Hochwertige Carports<\/h4><p class=\"ugb-card__description\">Sie sind auf der Suche nach einem geeignetem Autostellplatz? Lassen Sie sich von unserer qualitativen, schnellen Arbeit <a href=\"https:\/\/www.zimmereimatthiesen.de\/?page_id=18\">Hier<\/a> \u00fcberzeugen.<\/p><div class=\"ugb-button-container\"><a class=\"ugb-button ugb-button--size-normal\" href=\"?page_id=20\" rel=\"\" title=\"\"><span class=\"ugb-button--inner\">Sprechen Sie uns an<\/span><\/a><\/div><\/div><\/div><\/div><\/div><\/div>\n\n\n\n<p>Zimmerei Matthiesen aus Bargum, bei Langenhorn in Nordfriesland ist Dein Fachbetrieb f\u00fcr hochwertige Carports, Dachsanierungen, Innenausbau, Hausbau und Hallenbau.<\/p>\n\n\n\n<p>Wir arbeiten als Zimmereibetrieb im Kreis Nordfriesland und dar\u00fcber hinaus.<br>Unter anderem in Risum-Lindholm, <a href=\"https:\/\/www.zimmereimatthiesen.de\/?page_id=214\" data-type=\"page\" data-id=\"214\">Langenhorn<\/a>, Dageb\u00fcll, Leck, Klixb\u00fcll, Stadum, <a href=\"https:\/\/www.zimmereimatthiesen.de\/?page_id=193\" data-type=\"page\" data-id=\"193\">Breklum<\/a>, S\u00fcderl\u00fcgum, Stedesand, Ockholm, <a href=\"https:\/\/www.zimmereimatthiesen.de\/?page_id=176\" data-type=\"page\" data-id=\"176\">Fahretoft<\/a>, <a href=\"https:\/\/www.zimmereimatthiesen.de\/?page_id=184\" data-type=\"page\" data-id=\"184\">Joldelund<\/a>, <a href=\"https:\/\/www.zimmereimatthiesen.de\/?page_id=184\" data-type=\"page\" data-id=\"184\">Goldelund<\/a>, <a href=\"https:\/\/www.zimmereimatthiesen.de\/?page_id=184\" data-type=\"page\" data-id=\"184\">H\u00f6gel<\/a>, Karlum, <a href=\"https:\/\/www.zimmereimatthiesen.de\/?page_id=209\" data-type=\"page\" data-id=\"209\">Ladelund<\/a>, Westre, Bramstedtlund, <a href=\"https:\/\/www.zimmereimatthiesen.de\/?page_id=201\" data-type=\"page\" data-id=\"201\">Medelby<\/a>, Aventoft, Klanxb\u00fcll, Uphusum, Braderup und Umgebung.<\/p>\n\n\n\n<p><\/p>\n<style class=\"advgb-styles-renderer\">.ugb-01144f1 .ugb-card__item1 .ugb-card__image{background-image:url(http:\/\/www.zimmereimatthiesen.de\/wp-content\/uploads\/2020\/05\/IMG-20200519-WA0038-1024x768.jpg)}.ugb-01144f1.ugb-card > .ugb-inner-block{width:600px !important}.ugb-4e0bcf8 .ugb-card__item1 .ugb-card__image{background-image:url(http:\/\/www.zimmereimatthiesen.de\/wp-content\/uploads\/2020\/05\/org_5e51b86b3350c187_1585988768000_IM-1024x768.jpg)}.ugb-4e0bcf8 .ugb-card__item2 .ugb-card__image{background-image:url(http:\/\/www.zimmereimatthiesen.de\/wp-content\/uploads\/2020\/05\/IMG-20200519-WA0044-1024x768.jpg)}<\/style>","protected":false},"excerpt":{"rendered":"<p>Willkommen bei der Zimmerei Matthiesen aus Bargum Sicher unter Verschluss Ob Gartenm\u00f6bel, Fahrr\u00e4der oder den Grill- Wir sind der richtige Ansprechpartner f\u00fcr Abstellr\u00e4ume jeglicher Art. Innenausbau, Haus- und HallenbauWir helfen Ihnen Ihre Tr\u00e4ume und W\u00fcnsche in die Tat umzusetzen. Sprechen Sie uns an! Wir steigen Ihnen auf&#8217;s Dach Profitieren Sie von unserer langj\u00e4hrigen Erfahrung im [&hellip;]<\/p>\n","protected":false},"author":1,"featured_media":0,"parent":0,"menu_order":0,"comment_status":"closed","ping_status":"closed","template":"","meta":{"_uag_custom_page_level_css":"","advgb_blocks_editor_width":"","advgb_blocks_columns_visual_guide":"","footnotes":""},"class_list":["post-9","page","type-page","status-publish","hentry"],"featured_image_urls_v2":{"full":"","thumbnail":"","medium":"","medium_large":"","large":"","1536x1536":"","2048x2048":""},"post_excerpt_stackable_v2":"<p>Willkommen bei der Zimmerei Matthiesen aus Bargum Sicher unter VerschlussOb Gartenm\u00f6bel, Fahrr\u00e4der oder den Grill- Wir sind der richtige Ansprechpartner f\u00fcr Abstellr\u00e4ume jeglicher Art.Innenausbau, Haus- und HallenbauWir helfen Ihnen Ihre Tr\u00e4ume und W\u00fcnsche in die Tat umzusetzen. Sprechen Sie uns an! Wir steigen Ihnen auf&#8217;s DachProfitieren Sie von unserer langj\u00e4hrigen Erfahrung im Bereich der Dachsanierungen.Unser geschultes Personal steht Ihnen rund ums Dach mit Rat und Tat zur Seite.Sprechen Sie uns anHochwertige CarportsSie sind auf der Suche nach einem geeignetem Autostellplatz? Lassen Sie sich von unserer qualitativen, schnellen Arbeit Hier \u00fcberzeugen.Sprechen Sie uns an Zimmerei Matthiesen aus Bargum, bei Langenhorn in&hellip;<\/p>\n","category_list_v2":"","author_info_v2":{"name":"admin","url":"https:\/\/www.zimmereimatthiesen.de\/?author=1"},"comments_num_v2":"0 comments","uagb_featured_image_src":{"full":false,"thumbnail":false,"medium":false,"medium_large":false,"large":false,"1536x1536":false,"2048x2048":false},"uagb_author_info":{"display_name":"admin","author_link":"https:\/\/www.zimmereimatthiesen.de\/?author=1"},"uagb_comment_info":0,"uagb_excerpt":"Willkommen bei der Zimmerei Matthiesen aus Bargum Sicher unter Verschluss Ob Gartenm\u00f6bel, Fahrr\u00e4der oder den Grill- Wir sind der richtige Ansprechpartner f\u00fcr Abstellr\u00e4ume jeglicher Art. Innenausbau, Haus- und HallenbauWir helfen Ihnen Ihre Tr\u00e4ume und W\u00fcnsche in die Tat umzusetzen. Sprechen Sie uns an! Wir steigen Ihnen auf&#8217;s Dach Profitieren Sie von unserer langj\u00e4hrigen Erfahrung im&hellip;","coauthors":[],"author_meta":{"author_link":"https:\/\/www.zimmereimatthiesen.de\/?author=1","display_name":"admin"},"relative_dates":{"created":"Posted 6\u00a0Jahren ago","modified":"Updated 2\u00a0Jahren ago"},"absolute_dates":{"created":"Posted on 3. April 2020","modified":"Updated on 19. Juli 2024"},"absolute_dates_time":{"created":"Posted on 3. April 2020 12:07","modified":"Updated on 19. Juli 2024 13:32"},"featured_img_caption":"","featured_img":false,"series_order":"","_links":{"self":[{"href":"https:\/\/www.zimmereimatthiesen.de\/index.php?rest_route=\/wp\/v2\/pages\/9","targetHints":{"allow":["GET"]}}],"collection":[{"href":"https:\/\/www.zimmereimatthiesen.de\/index.php?rest_route=\/wp\/v2\/pages"}],"about":[{"href":"https:\/\/www.zimmereimatthiesen.de\/index.php?rest_route=\/wp\/v2\/types\/page"}],"author":[{"embeddable":true,"href":"https:\/\/www.zimmereimatthiesen.de\/index.php?rest_route=\/wp\/v2\/users\/1"}],"replies":[{"embeddable":true,"href":"https:\/\/www.zimmereimatthiesen.de\/index.php?rest_route=%2Fwp%2Fv2%2Fcomments&post=9"}],"version-history":[{"count":27,"href":"https:\/\/www.zimmereimatthiesen.de\/index.php?rest_route=\/wp\/v2\/pages\/9\/revisions"}],"predecessor-version":[{"id":218,"href":"https:\/\/www.zimmereimatthiesen.de\/index.php?rest_route=\/wp\/v2\/pages\/9\/revisions\/218"}],"wp:attachment":[{"href":"https:\/\/www.zimmereimatthiesen.de\/index.php?rest_route=%2Fwp%2Fv2%2Fmedia&parent=9"}],"curies":[{"name":"wp","href":"https:\/\/api.w.org\/{rel}","templated":true}]}}